{"id":134,"date":"2019-12-11T21:04:25","date_gmt":"2019-12-11T21:04:25","guid":{"rendered":"https:\/\/chrisnew.at\/index.php\/colibri-wp\/"},"modified":"2025-07-14T00:28:39","modified_gmt":"2025-07-14T00:28:39","slug":"startseite","status":"publish","type":"page","link":"https:\/\/chrisnew.at\/","title":{"rendered":"Startseite"},"content":{"rendered":"<div data-colibri-id=\"134-c6\" class=\"style-346 style-local-134-c6 position-relative\">\n  <!---->\n  <div data-colibri-component=\"section\" data-colibri-id=\"134-c7\" id=\"headermusik\" class=\"h-section h-section-global-spacing d-flex align-items-lg-center align-items-md-center align-items-center style-417 style-local-134-c7 position-relative\">\n    <!---->\n    <!---->\n    <div class=\"h-section-grid-container h-section-boxed-container\">\n      <!---->\n      <div data-colibri-id=\"134-c8\" class=\"h-row-container gutters-row-lg-2 gutters-row-md-2 gutters-row-0 gutters-row-v-lg-2 gutters-row-v-md-2 gutters-row-v-2 style-418 style-local-134-c8 position-relative\">\n        <!---->\n        <div class=\"h-row justify-content-lg-center justify-content-md-center justify-content-center align-items-lg-stretch align-items-md-stretch align-items-stretch gutters-col-lg-2 gutters-col-md-2 gutters-col-0 gutters-col-v-lg-2 gutters-col-v-md-2 gutters-col-v-2\">\n          <!---->\n          <div class=\"h-column h-column-container d-flex h-col-lg-auto h-col-md-auto h-col-auto style-419-outer style-local-134-c9-outer\">\n            <div data-colibri-id=\"134-c9\" class=\"d-flex h-flex-basis h-column__inner h-px-lg-2 h-px-md-2 h-px-2 v-inner-lg-2 v-inner-md-2 v-inner-2 style-419 style-local-134-c9 position-relative\">\n              <!---->\n              <!---->\n              <div class=\"w-100 h-y-container h-column__content h-column__v-align flex-basis-100 align-self-lg-start align-self-md-start align-self-start\">\n                <!---->\n                <div data-colibri-id=\"134-c10\" class=\"h-text h-text-component style-425 style-local-134-c10 position-relative h-element\">\n                  <!---->\n                  <!---->\n                  <div class=\"\">\n                    <h2>Vielen Dank f\u00fcr die sch\u00f6nen Jahre &#8211; mit Ende 2024 habe ich meine T\u00e4tigkeit als Musiker, DJ und Partys\u00e4nger eingestellt!<\/h2>\n                    <p>\n                      <br>\n                    <\/p>\n                  <\/div>\n                <\/div>\n              <\/div>\n            <\/div>\n          <\/div>\n        <\/div>\n      <\/div>\n    <\/div>\n  <\/div>\n<\/div>","protected":false},"excerpt":{"rendered":"<p>Vielen Dank f\u00fcr die sch\u00f6nen Jahre &#8211; mit Ende 2024 habe ich meine T\u00e4tigkeit als Musiker, DJ und Partys\u00e4nger eingestellt!<\/p>\n","protected":false},"author":1,"featured_media":0,"parent":0,"menu_order":0,"comment_status":"closed","ping_status":"closed","template":"page-templates\/homepage.php","meta":{"jetpack_post_was_ever_published":false,"footnotes":""},"class_list":["post-134","page","type-page","status-publish","hentry"],"yoast_head":"<!-- This site is optimized with the Yoast SEO plugin v27.4 - https:\/\/yoast.com\/product\/yoast-seo-wordpress\/ -->\n<title>Startseite - Chris New Entertainment<\/title>\n<meta name=\"robots\" content=\"index, follow, max-snippet:-1, max-image-preview:large, max-video-preview:-1\" \/>\n<link rel=\"canonical\" href=\"https:\/\/chrisnew.at\/\" \/>\n<meta property=\"og:locale\" content=\"de_DE\" \/>\n<meta property=\"og:type\" content=\"article\" \/>\n<meta property=\"og:title\" content=\"Startseite - Chris New Entertainment\" \/>\n<meta property=\"og:description\" content=\"Vielen Dank f\u00fcr die sch\u00f6nen Jahre &#8211; mit Ende 2024 habe ich meine T\u00e4tigkeit als Musiker, DJ und Partys\u00e4nger eingestellt!\" \/>\n<meta property=\"og:url\" content=\"https:\/\/chrisnew.at\/\" \/>\n<meta property=\"og:site_name\" content=\"Chris New Entertainment\" \/>\n<meta property=\"article:publisher\" content=\"https:\/\/www.facebook.com\/chrisnew.official\" \/>\n<meta property=\"article:modified_time\" content=\"2025-07-14T00:28:39+00:00\" \/>\n<meta name=\"twitter:card\" content=\"summary_large_image\" \/>\n<meta name=\"twitter:site\" content=\"@chrisnew66\" \/>\n<script type=\"application\/ld+json\" class=\"yoast-schema-graph\">{\"@context\":\"https:\\\/\\\/schema.org\",\"@graph\":[{\"@type\":\"WebPage\",\"@id\":\"https:\\\/\\\/chrisnew.at\\\/\",\"url\":\"https:\\\/\\\/chrisnew.at\\\/\",\"name\":\"Startseite - Chris New Entertainment\",\"isPartOf\":{\"@id\":\"https:\\\/\\\/chrisnew.at\\\/#website\"},\"datePublished\":\"2019-12-11T21:04:25+00:00\",\"dateModified\":\"2025-07-14T00:28:39+00:00\",\"breadcrumb\":{\"@id\":\"https:\\\/\\\/chrisnew.at\\\/#breadcrumb\"},\"inLanguage\":\"de\",\"potentialAction\":[{\"@type\":\"ReadAction\",\"target\":[\"https:\\\/\\\/chrisnew.at\\\/\"]}]},{\"@type\":\"BreadcrumbList\",\"@id\":\"https:\\\/\\\/chrisnew.at\\\/#breadcrumb\",\"itemListElement\":[{\"@type\":\"ListItem\",\"position\":1,\"name\":\"Home\",\"item\":\"https:\\\/\\\/chrisnew.at\\\/\"},{\"@type\":\"ListItem\",\"position\":2,\"name\":\"Startseite\"}]},{\"@type\":\"WebSite\",\"@id\":\"https:\\\/\\\/chrisnew.at\\\/#website\",\"url\":\"https:\\\/\\\/chrisnew.at\\\/\",\"name\":\"Chris New Entertainment\",\"description\":\"Fragen kost&#039; nix!\",\"publisher\":{\"@id\":\"https:\\\/\\\/chrisnew.at\\\/#organization\"},\"potentialAction\":[{\"@type\":\"SearchAction\",\"target\":{\"@type\":\"EntryPoint\",\"urlTemplate\":\"https:\\\/\\\/chrisnew.at\\\/?s={search_term_string}\"},\"query-input\":{\"@type\":\"PropertyValueSpecification\",\"valueRequired\":true,\"valueName\":\"search_term_string\"}}],\"inLanguage\":\"de\"},{\"@type\":\"Organization\",\"@id\":\"https:\\\/\\\/chrisnew.at\\\/#organization\",\"name\":\"Chris New Entertainment\",\"url\":\"https:\\\/\\\/chrisnew.at\\\/\",\"logo\":{\"@type\":\"ImageObject\",\"inLanguage\":\"de\",\"@id\":\"https:\\\/\\\/chrisnew.at\\\/#\\\/schema\\\/logo\\\/image\\\/\",\"url\":\"https:\\\/\\\/i1.wp.com\\\/chrisnew.at\\\/wp-content\\\/uploads\\\/2018\\\/06\\\/cropped-0DDE9C94-B25A-4324-87AF-260FB665F08B-2.jpeg?fit=1772%2C1772&ssl=1\",\"contentUrl\":\"https:\\\/\\\/i1.wp.com\\\/chrisnew.at\\\/wp-content\\\/uploads\\\/2018\\\/06\\\/cropped-0DDE9C94-B25A-4324-87AF-260FB665F08B-2.jpeg?fit=1772%2C1772&ssl=1\",\"width\":1772,\"height\":1772,\"caption\":\"Chris New Entertainment\"},\"image\":{\"@id\":\"https:\\\/\\\/chrisnew.at\\\/#\\\/schema\\\/logo\\\/image\\\/\"},\"sameAs\":[\"https:\\\/\\\/www.facebook.com\\\/chrisnew.official\",\"https:\\\/\\\/x.com\\\/chrisnew66\",\"https:\\\/\\\/instagram.com\\\/chrisnew66\",\"https:\\\/\\\/www.pinterest.at\\\/chrisnew66\\\/\",\"https:\\\/\\\/youtube.com\\\/user\\\/chrisnew66\\\/\"]}]}<\/script>\n<!-- \/ Yoast SEO plugin. -->","yoast_head_json":{"title":"Startseite - Chris New Entertainment","robots":{"index":"index","follow":"follow","max-snippet":"max-snippet:-1","max-image-preview":"max-image-preview:large","max-video-preview":"max-video-preview:-1"},"canonical":"https:\/\/chrisnew.at\/","og_locale":"de_DE","og_type":"article","og_title":"Startseite - Chris New Entertainment","og_description":"Vielen Dank f\u00fcr die sch\u00f6nen Jahre &#8211; mit Ende 2024 habe ich meine T\u00e4tigkeit als Musiker, DJ und Partys\u00e4nger eingestellt!","og_url":"https:\/\/chrisnew.at\/","og_site_name":"Chris New Entertainment","article_publisher":"https:\/\/www.facebook.com\/chrisnew.official","article_modified_time":"2025-07-14T00:28:39+00:00","twitter_card":"summary_large_image","twitter_site":"@chrisnew66","schema":{"@context":"https:\/\/schema.org","@graph":[{"@type":"WebPage","@id":"https:\/\/chrisnew.at\/","url":"https:\/\/chrisnew.at\/","name":"Startseite - Chris New Entertainment","isPartOf":{"@id":"https:\/\/chrisnew.at\/#website"},"datePublished":"2019-12-11T21:04:25+00:00","dateModified":"2025-07-14T00:28:39+00:00","breadcrumb":{"@id":"https:\/\/chrisnew.at\/#breadcrumb"},"inLanguage":"de","potentialAction":[{"@type":"ReadAction","target":["https:\/\/chrisnew.at\/"]}]},{"@type":"BreadcrumbList","@id":"https:\/\/chrisnew.at\/#breadcrumb","itemListElement":[{"@type":"ListItem","position":1,"name":"Home","item":"https:\/\/chrisnew.at\/"},{"@type":"ListItem","position":2,"name":"Startseite"}]},{"@type":"WebSite","@id":"https:\/\/chrisnew.at\/#website","url":"https:\/\/chrisnew.at\/","name":"Chris New Entertainment","description":"Fragen kost&#039; nix!","publisher":{"@id":"https:\/\/chrisnew.at\/#organization"},"potentialAction":[{"@type":"SearchAction","target":{"@type":"EntryPoint","urlTemplate":"https:\/\/chrisnew.at\/?s={search_term_string}"},"query-input":{"@type":"PropertyValueSpecification","valueRequired":true,"valueName":"search_term_string"}}],"inLanguage":"de"},{"@type":"Organization","@id":"https:\/\/chrisnew.at\/#organization","name":"Chris New Entertainment","url":"https:\/\/chrisnew.at\/","logo":{"@type":"ImageObject","inLanguage":"de","@id":"https:\/\/chrisnew.at\/#\/schema\/logo\/image\/","url":"https:\/\/i1.wp.com\/chrisnew.at\/wp-content\/uploads\/2018\/06\/cropped-0DDE9C94-B25A-4324-87AF-260FB665F08B-2.jpeg?fit=1772%2C1772&ssl=1","contentUrl":"https:\/\/i1.wp.com\/chrisnew.at\/wp-content\/uploads\/2018\/06\/cropped-0DDE9C94-B25A-4324-87AF-260FB665F08B-2.jpeg?fit=1772%2C1772&ssl=1","width":1772,"height":1772,"caption":"Chris New Entertainment"},"image":{"@id":"https:\/\/chrisnew.at\/#\/schema\/logo\/image\/"},"sameAs":["https:\/\/www.facebook.com\/chrisnew.official","https:\/\/x.com\/chrisnew66","https:\/\/instagram.com\/chrisnew66","https:\/\/www.pinterest.at\/chrisnew66\/","https:\/\/youtube.com\/user\/chrisnew66\/"]}]}},"jetpack_sharing_enabled":true,"jetpack_shortlink":"https:\/\/wp.me\/Pa1NXs-2a","jetpack-related-posts":[],"_links":{"self":[{"href":"https:\/\/chrisnew.at\/index.php\/wp-json\/wp\/v2\/pages\/134","targetHints":{"allow":["GET"]}}],"collection":[{"href":"https:\/\/chrisnew.at\/index.php\/wp-json\/wp\/v2\/pages"}],"about":[{"href":"https:\/\/chrisnew.at\/index.php\/wp-json\/wp\/v2\/types\/page"}],"author":[{"embeddable":true,"href":"https:\/\/chrisnew.at\/index.php\/wp-json\/wp\/v2\/users\/1"}],"replies":[{"embeddable":true,"href":"https:\/\/chrisnew.at\/index.php\/wp-json\/wp\/v2\/comments?post=134"}],"version-history":[{"count":20,"href":"https:\/\/chrisnew.at\/index.php\/wp-json\/wp\/v2\/pages\/134\/revisions"}],"predecessor-version":[{"id":705,"href":"https:\/\/chrisnew.at\/index.php\/wp-json\/wp\/v2\/pages\/134\/revisions\/705"}],"wp:attachment":[{"href":"https:\/\/chrisnew.at\/index.php\/wp-json\/wp\/v2\/media?parent=134"}],"curies":[{"name":"wp","href":"https:\/\/api.w.org\/{rel}","templated":true}]}}