{"id":35,"date":"2018-06-27T21:15:02","date_gmt":"2018-06-27T21:15:02","guid":{"rendered":"https:\/\/chrisnew.at\/?page_id=35"},"modified":"2025-07-13T23:41:40","modified_gmt":"2025-07-13T23:41:40","slug":"impressum","status":"publish","type":"page","link":"https:\/\/chrisnew.at\/index.php\/impressum\/","title":{"rendered":"Impressum"},"content":{"rendered":"<h2>Impressum<\/h2>\n<p>Informationspflicht laut \u00a75 E-Commerce Gesetz, \u00a714 Unternehmensgesetzbuch, \u00a763 Gewerbeordnung und Offenlegungspflicht laut \u00a725 Mediengesetz.<br \/>Christian Kamaun<br \/>1110 Wien, Simmeringer Hauptstra\u00dfe 62 &#8211; \u00d6sterreich<br \/>Unternehmensgegenstand: Singer Songwriter, Alleinunterhalter, Entertainer, DJ<br \/>Tel.: <a href=\"tel:+43 650 605 50 50\">+43 650 605 50 50<\/a><br \/>E-Mail: <a href=\"mailto:office@chrisnew.at\">office@chrisnew.at<\/a><\/p>\n<p>Berufsrecht: Gewerbeordnung: <a href=\"http:\/\/www.ris.bka.gv.at\/\">www.ris.bka.gv.at<\/a><br \/>Aufsichtsbeh\u00f6rde\/Gewerbebeh\u00f6rde: Bezirkshauptmannschaft Wien<br \/>Berufsbezeichnung: Alleinunterhalter, Entertainer<br \/>Verleihungsstaat: \u00d6sterreich<\/p>\n<h2>EU-Streitschlichtung<\/h2>\n<p>Angaben zur Online-Streitbeilegung: Verbraucher haben die M\u00f6glichkeit, Beschwerden an die OnlineStreitbeilegungsplattform der EU zu richten: <a href=\"https:\/\/ec.europa.eu\/consumers\/odr\/main\/index.cfm?event=main.home2.show&amp;lng=DE\">https:\/\/ec.europa.eu\/consumers\/odr\/main\/index.cfm?event=main.home2.show&amp;&#8230;<\/a>. Sie k\u00f6nnen allf\u00e4llige Beschwerde auch an die oben angegebene E-Mail-Adresse richten.<\/p>\n<h2>Haftung f\u00fcr Inhalte dieser Webseite<\/h2>\n<p>Wir entwickeln die Inhalte dieser Webseite st\u00e4ndig weiter und bem\u00fchen uns korrekte und aktuelle Informationen bereitzustellen. Leider k\u00f6nnen wir keine Haftung f\u00fcr die Korrektheit aller Inhalte auf dieser Webseite \u00fcbernehmen, speziell f\u00fcr jene die seitens Dritter bereitgestellt wird. Sollten Ihnen problematische oder rechtswidrige Inhalte auffallen, bitte wir Sie uns umgehend zu kontaktieren, Sie finden die Kontaktdaten im Impressum.<\/p>\n<h2>Haftung f\u00fcr Links auf dieser Webseite<\/h2>\n<p>Unsere Webseite enth\u00e4lt Links zu anderen Webseiten f\u00fcr deren Inhalt wir nicht verantwortlich sind. Wenn Ihnen rechtswidrige Links auf unserer Webseite auffallen, bitte wir Sie uns zu kontakieren, Sie finden die Kontaktdaten im Impressum.<\/p>\n<h2>Urheberrechtshinweis<\/h2>\n<p>Alle Inhalte dieser Webseite (Bilder, Fotos, Texte, Videos) unterliegen dem Urheberrecht. Falls notwendig, werden wir die unerlaubte Nutzung von Teilen der Inhalte unserer Seite rechtlich verfolgen.<\/p>\n<h2>Bildernachweis<\/h2>\n<p>Die Bilder, Fotos und Grafiken auf dieser Webseite sind urheberrechtlich gesch\u00fctzt.<br \/>Die Bilderrechte liegen bei den folgenden Fotografen und Unternehmen:<br \/>Fotograf &amp; Bildgestalter Christian \u201eChrisnew\u201c Kamaun<br \/>Abweichende Informationen werden bei den jeweiligen Bildern vermerkt<\/p>\n\n\n<p>Quelle: Erstellt mit dem&nbsp;<a href=\"https:\/\/www.adsimple.at\/datenschutz-generator\/\">Datenschutz Generator<\/a>&nbsp;von AdSimple<\/p>\n","protected":false},"excerpt":{"rendered":"<p>Impressum Informationspflicht laut \u00a75 E-Commerce Gesetz, \u00a714 Unternehmensgesetzbuch, \u00a763 Gewerbeordnung und Offenlegungspflicht laut \u00a725 Mediengesetz.Christian Kamaun1110 Wien, Simmeringer Hauptstra\u00dfe 62 &#8211; \u00d6sterreichUnternehmensgegenstand: Singer Songwriter, Alleinunterhalter, Entertainer, DJTel.: +43 650 605 50 50E-Mail: office@chrisnew.at Berufsrecht: Gewerbeordnung: www.ris.bka.gv.atAufsichtsbeh\u00f6rde\/Gewerbebeh\u00f6rde: Bezirkshauptmannschaft WienBerufsbezeichnung: Alleinunterhalter, EntertainerVerleihungsstaat: \u00d6sterreich EU-Streitschlichtung Angaben zur Online-Streitbeilegung: Verbraucher haben die M\u00f6glichkeit, Beschwerden an die OnlineStreitbeilegungsplattform der EU [&hellip;]<\/p>\n","protected":false},"author":2,"featured_media":0,"parent":0,"menu_order":0,"comment_status":"closed","ping_status":"closed","template":"","meta":{"jetpack_post_was_ever_published":false,"footnotes":""},"class_list":["post-35","page","type-page","status-publish","hentry"],"yoast_head":"<!-- This site is optimized with the Yoast SEO plugin v27.4 - https:\/\/yoast.com\/product\/yoast-seo-wordpress\/ -->\n<title>Impressum - Chris New Entertainment<\/title>\n<meta name=\"robots\" content=\"index, follow, max-snippet:-1, max-image-preview:large, max-video-preview:-1\" \/>\n<link rel=\"canonical\" href=\"https:\/\/chrisnew.at\/index.php\/impressum\/\" \/>\n<meta property=\"og:locale\" content=\"de_DE\" \/>\n<meta property=\"og:type\" content=\"article\" \/>\n<meta property=\"og:title\" content=\"Impressum - Chris New Entertainment\" \/>\n<meta property=\"og:description\" content=\"Impressum Informationspflicht laut \u00a75 E-Commerce Gesetz, \u00a714 Unternehmensgesetzbuch, \u00a763 Gewerbeordnung und Offenlegungspflicht laut \u00a725 Mediengesetz.Christian Kamaun1110 Wien, Simmeringer Hauptstra\u00dfe 62 &#8211; \u00d6sterreichUnternehmensgegenstand: Singer Songwriter, Alleinunterhalter, Entertainer, DJTel.: +43 650 605 50 50E-Mail: office@chrisnew.at Berufsrecht: Gewerbeordnung: www.ris.bka.gv.atAufsichtsbeh\u00f6rde\/Gewerbebeh\u00f6rde: Bezirkshauptmannschaft WienBerufsbezeichnung: Alleinunterhalter, EntertainerVerleihungsstaat: \u00d6sterreich EU-Streitschlichtung Angaben zur Online-Streitbeilegung: Verbraucher haben die M\u00f6glichkeit, Beschwerden an die OnlineStreitbeilegungsplattform der EU [&hellip;]\" \/>\n<meta property=\"og:url\" content=\"https:\/\/chrisnew.at\/index.php\/impressum\/\" \/>\n<meta property=\"og:site_name\" content=\"Chris New Entertainment\" \/>\n<meta property=\"article:publisher\" content=\"https:\/\/www.facebook.com\/chrisnew.official\" \/>\n<meta property=\"article:modified_time\" content=\"2025-07-13T23:41:40+00:00\" \/>\n<meta name=\"twitter:card\" content=\"summary_large_image\" \/>\n<meta name=\"twitter:site\" content=\"@chrisnew66\" \/>\n<meta name=\"twitter:label1\" content=\"Gesch\u00e4tzte Lesezeit\" \/>\n\t<meta name=\"twitter:data1\" content=\"2\u00a0Minuten\" \/>\n<script type=\"application\/ld+json\" class=\"yoast-schema-graph\">{\"@context\":\"https:\\\/\\\/schema.org\",\"@graph\":[{\"@type\":\"WebPage\",\"@id\":\"https:\\\/\\\/chrisnew.at\\\/index.php\\\/impressum\\\/\",\"url\":\"https:\\\/\\\/chrisnew.at\\\/index.php\\\/impressum\\\/\",\"name\":\"Impressum - Chris New Entertainment\",\"isPartOf\":{\"@id\":\"https:\\\/\\\/chrisnew.at\\\/#website\"},\"datePublished\":\"2018-06-27T21:15:02+00:00\",\"dateModified\":\"2025-07-13T23:41:40+00:00\",\"breadcrumb\":{\"@id\":\"https:\\\/\\\/chrisnew.at\\\/index.php\\\/impressum\\\/#breadcrumb\"},\"inLanguage\":\"de\",\"potentialAction\":[{\"@type\":\"ReadAction\",\"target\":[\"https:\\\/\\\/chrisnew.at\\\/index.php\\\/impressum\\\/\"]}]},{\"@type\":\"BreadcrumbList\",\"@id\":\"https:\\\/\\\/chrisnew.at\\\/index.php\\\/impressum\\\/#breadcrumb\",\"itemListElement\":[{\"@type\":\"ListItem\",\"position\":1,\"name\":\"Home\",\"item\":\"https:\\\/\\\/chrisnew.at\\\/\"},{\"@type\":\"ListItem\",\"position\":2,\"name\":\"Impressum\"}]},{\"@type\":\"WebSite\",\"@id\":\"https:\\\/\\\/chrisnew.at\\\/#website\",\"url\":\"https:\\\/\\\/chrisnew.at\\\/\",\"name\":\"Chris New Entertainment\",\"description\":\"Fragen kost&#039; nix!\",\"publisher\":{\"@id\":\"https:\\\/\\\/chrisnew.at\\\/#organization\"},\"potentialAction\":[{\"@type\":\"SearchAction\",\"target\":{\"@type\":\"EntryPoint\",\"urlTemplate\":\"https:\\\/\\\/chrisnew.at\\\/?s={search_term_string}\"},\"query-input\":{\"@type\":\"PropertyValueSpecification\",\"valueRequired\":true,\"valueName\":\"search_term_string\"}}],\"inLanguage\":\"de\"},{\"@type\":\"Organization\",\"@id\":\"https:\\\/\\\/chrisnew.at\\\/#organization\",\"name\":\"Chris New Entertainment\",\"url\":\"https:\\\/\\\/chrisnew.at\\\/\",\"logo\":{\"@type\":\"ImageObject\",\"inLanguage\":\"de\",\"@id\":\"https:\\\/\\\/chrisnew.at\\\/#\\\/schema\\\/logo\\\/image\\\/\",\"url\":\"https:\\\/\\\/i1.wp.com\\\/chrisnew.at\\\/wp-content\\\/uploads\\\/2018\\\/06\\\/cropped-0DDE9C94-B25A-4324-87AF-260FB665F08B-2.jpeg?fit=1772%2C1772&ssl=1\",\"contentUrl\":\"https:\\\/\\\/i1.wp.com\\\/chrisnew.at\\\/wp-content\\\/uploads\\\/2018\\\/06\\\/cropped-0DDE9C94-B25A-4324-87AF-260FB665F08B-2.jpeg?fit=1772%2C1772&ssl=1\",\"width\":1772,\"height\":1772,\"caption\":\"Chris New Entertainment\"},\"image\":{\"@id\":\"https:\\\/\\\/chrisnew.at\\\/#\\\/schema\\\/logo\\\/image\\\/\"},\"sameAs\":[\"https:\\\/\\\/www.facebook.com\\\/chrisnew.official\",\"https:\\\/\\\/x.com\\\/chrisnew66\",\"https:\\\/\\\/instagram.com\\\/chrisnew66\",\"https:\\\/\\\/www.pinterest.at\\\/chrisnew66\\\/\",\"https:\\\/\\\/youtube.com\\\/user\\\/chrisnew66\\\/\"]}]}<\/script>\n<!-- \/ Yoast SEO plugin. -->","yoast_head_json":{"title":"Impressum - Chris New Entertainment","robots":{"index":"index","follow":"follow","max-snippet":"max-snippet:-1","max-image-preview":"max-image-preview:large","max-video-preview":"max-video-preview:-1"},"canonical":"https:\/\/chrisnew.at\/index.php\/impressum\/","og_locale":"de_DE","og_type":"article","og_title":"Impressum - Chris New Entertainment","og_description":"Impressum Informationspflicht laut \u00a75 E-Commerce Gesetz, \u00a714 Unternehmensgesetzbuch, \u00a763 Gewerbeordnung und Offenlegungspflicht laut \u00a725 Mediengesetz.Christian Kamaun1110 Wien, Simmeringer Hauptstra\u00dfe 62 &#8211; \u00d6sterreichUnternehmensgegenstand: Singer Songwriter, Alleinunterhalter, Entertainer, DJTel.: +43 650 605 50 50E-Mail: office@chrisnew.at Berufsrecht: Gewerbeordnung: www.ris.bka.gv.atAufsichtsbeh\u00f6rde\/Gewerbebeh\u00f6rde: Bezirkshauptmannschaft WienBerufsbezeichnung: Alleinunterhalter, EntertainerVerleihungsstaat: \u00d6sterreich EU-Streitschlichtung Angaben zur Online-Streitbeilegung: Verbraucher haben die M\u00f6glichkeit, Beschwerden an die OnlineStreitbeilegungsplattform der EU [&hellip;]","og_url":"https:\/\/chrisnew.at\/index.php\/impressum\/","og_site_name":"Chris New Entertainment","article_publisher":"https:\/\/www.facebook.com\/chrisnew.official","article_modified_time":"2025-07-13T23:41:40+00:00","twitter_card":"summary_large_image","twitter_site":"@chrisnew66","twitter_misc":{"Gesch\u00e4tzte Lesezeit":"2\u00a0Minuten"},"schema":{"@context":"https:\/\/schema.org","@graph":[{"@type":"WebPage","@id":"https:\/\/chrisnew.at\/index.php\/impressum\/","url":"https:\/\/chrisnew.at\/index.php\/impressum\/","name":"Impressum - Chris New Entertainment","isPartOf":{"@id":"https:\/\/chrisnew.at\/#website"},"datePublished":"2018-06-27T21:15:02+00:00","dateModified":"2025-07-13T23:41:40+00:00","breadcrumb":{"@id":"https:\/\/chrisnew.at\/index.php\/impressum\/#breadcrumb"},"inLanguage":"de","potentialAction":[{"@type":"ReadAction","target":["https:\/\/chrisnew.at\/index.php\/impressum\/"]}]},{"@type":"BreadcrumbList","@id":"https:\/\/chrisnew.at\/index.php\/impressum\/#breadcrumb","itemListElement":[{"@type":"ListItem","position":1,"name":"Home","item":"https:\/\/chrisnew.at\/"},{"@type":"ListItem","position":2,"name":"Impressum"}]},{"@type":"WebSite","@id":"https:\/\/chrisnew.at\/#website","url":"https:\/\/chrisnew.at\/","name":"Chris New Entertainment","description":"Fragen kost&#039; nix!","publisher":{"@id":"https:\/\/chrisnew.at\/#organization"},"potentialAction":[{"@type":"SearchAction","target":{"@type":"EntryPoint","urlTemplate":"https:\/\/chrisnew.at\/?s={search_term_string}"},"query-input":{"@type":"PropertyValueSpecification","valueRequired":true,"valueName":"search_term_string"}}],"inLanguage":"de"},{"@type":"Organization","@id":"https:\/\/chrisnew.at\/#organization","name":"Chris New Entertainment","url":"https:\/\/chrisnew.at\/","logo":{"@type":"ImageObject","inLanguage":"de","@id":"https:\/\/chrisnew.at\/#\/schema\/logo\/image\/","url":"https:\/\/i1.wp.com\/chrisnew.at\/wp-content\/uploads\/2018\/06\/cropped-0DDE9C94-B25A-4324-87AF-260FB665F08B-2.jpeg?fit=1772%2C1772&ssl=1","contentUrl":"https:\/\/i1.wp.com\/chrisnew.at\/wp-content\/uploads\/2018\/06\/cropped-0DDE9C94-B25A-4324-87AF-260FB665F08B-2.jpeg?fit=1772%2C1772&ssl=1","width":1772,"height":1772,"caption":"Chris New Entertainment"},"image":{"@id":"https:\/\/chrisnew.at\/#\/schema\/logo\/image\/"},"sameAs":["https:\/\/www.facebook.com\/chrisnew.official","https:\/\/x.com\/chrisnew66","https:\/\/instagram.com\/chrisnew66","https:\/\/www.pinterest.at\/chrisnew66\/","https:\/\/youtube.com\/user\/chrisnew66\/"]}]}},"jetpack_sharing_enabled":true,"jetpack_shortlink":"https:\/\/wp.me\/Pa1NXs-z","jetpack-related-posts":[],"_links":{"self":[{"href":"https:\/\/chrisnew.at\/index.php\/wp-json\/wp\/v2\/pages\/35","targetHints":{"allow":["GET"]}}],"collection":[{"href":"https:\/\/chrisnew.at\/index.php\/wp-json\/wp\/v2\/pages"}],"about":[{"href":"https:\/\/chrisnew.at\/index.php\/wp-json\/wp\/v2\/types\/page"}],"author":[{"embeddable":true,"href":"https:\/\/chrisnew.at\/index.php\/wp-json\/wp\/v2\/users\/2"}],"replies":[{"embeddable":true,"href":"https:\/\/chrisnew.at\/index.php\/wp-json\/wp\/v2\/comments?post=35"}],"version-history":[{"count":3,"href":"https:\/\/chrisnew.at\/index.php\/wp-json\/wp\/v2\/pages\/35\/revisions"}],"predecessor-version":[{"id":637,"href":"https:\/\/chrisnew.at\/index.php\/wp-json\/wp\/v2\/pages\/35\/revisions\/637"}],"wp:attachment":[{"href":"https:\/\/chrisnew.at\/index.php\/wp-json\/wp\/v2\/media?parent=35"}],"curies":[{"name":"wp","href":"https:\/\/api.w.org\/{rel}","templated":true}]}}